{"id":12,"date":"2009-11-11T14:44:07","date_gmt":"2009-11-11T12:44:07","guid":{"rendered":"\/deutsch\/?page_id=12"},"modified":"2020-12-12T11:35:06","modified_gmt":"2020-12-12T09:35:06","slug":"historischer-verein-bellum-aquilarum","status":"publish","type":"page","link":"http:\/\/www.bellumaquilarum.it\/deutsch\/","title":{"rendered":"Historischer Verein Bellum Aquilarum"},"content":{"rendered":"<p>Im Dolomitengebiet sind einige Projekte zur Aufwertung der historischen Zeugnisse des 1. Weltkrieges im Gange. Im Pustertal war Sexten Opfer und Protagonist dieser Trag\u00f6die. Es ist das einzige Dorf deutscher Sprache und Kultur, das dem \u00d6sterreichisch-Ungarischen Reich angeh\u00f6rte und das sich direkt an der Front befunden hat. Sexten hat die gewaltsame Evakuierung und die Flucht erlebt und wurde dann zusammen mit den anderen D\u00f6rfern S\u00fcdtirols an Italien angegliedert.<br \/>\nDie Erlebnisse der Zivilbev\u00f6lkerung und der Soldaten dieser wichtigen historischen Zeit sind bis heute in Sexten kaum aufgearbeitet worden. Der Grund daf\u00fcr ist sicherlich auf die Gegebenheiten am Ende des Krieges und die Annexion an Italien zur\u00fcckzuf\u00fchren. Sexten kann, zu dem in Europa heute gro\u00df aufkommenden Interesse f\u00fcr die Zeit des 1. Weltkrieges, einen einzigartigen und wertvollen Beitrag leisten.<\/p>\n<p>Diese tief erlebte Trag\u00f6die in Sexten und im Pustertal ist vergleichbar mit anderen Gebieten Europas, welche nach dem Krieg die Zerr\u00fcttung und die Angliederung an ein anderes Land erlebt haben. Die Folge war ein immenser kultureller, geschichtlicher und politischer Bruch. Diese Ereignisse ver\u00e4nderten nicht nur einzelne D\u00f6rfer, sondern das gesamte Europa.<\/p>\n<p>Der Verein Bellum Aquilarum ONLUS wurde von einigen Sextner B\u00fcrgern gegr\u00fcndet, um die Spuren des 1. Weltkrieges vor dem endg\u00fcltigen Verfall und vor dem Vergessen f\u00fcr die Nachkommen, f\u00fcr das Land und f\u00fcr die V\u00f6lker ganz Europas zu bewahren. Die Initiative soll ein Mahnmal gegen den Krieg und dessen weitreichende Folgen werden. Das Projekt beinhaltet die Verwirklichung eines Freilichtmuseums auf der Rotwand, eines historischen Museums und eines Dokumentationszentrums in Sexten. Alle damaligen Kriegsparteien, welche heute die Staaten Italien, \u00d6sterreich, Polen, Ungarn, Slowenien, Slowakei und Tschechien sind, sollen in die Realisierung des Projektes mit eingebunden werden.<\/p>\n<p><strong>Der Verein \u201eBellum Aquilarum ONLUS\u201c hat derzeit 28 Mitglieder die ihre\u00a0T\u00e4tigkeit ehrenamtlich aus\u00fcben.<\/strong><\/p>\n","protected":false},"excerpt":{"rendered":"<p>Im Dolomitengebiet sind einige Projekte zur Aufwertung der historischen Zeugnisse des 1. Weltkrieges im Gange. Im Pustertal war Sexten Opfer und Protagonist dieser Trag\u00f6die. Es ist das einzige Dorf deutscher Sprache und Kultur, das dem \u00d6sterreichisch-Ungarischen Reich angeh\u00f6rte und das sich direkt an der Front befunden hat. Sexten hat die gewaltsame Evakuierung und die Flucht [&hellip;]<\/p>\n","protected":false},"author":1,"featured_media":0,"parent":0,"menu_order":0,"comment_status":"closed","ping_status":"closed","template":"","meta":[],"_links":{"self":[{"href":"http:\/\/www.bellumaquilarum.it\/deutsch\/index.php?rest_route=\/wp\/v2\/pages\/12"}],"collection":[{"href":"http:\/\/www.bellumaquilarum.it\/deutsch\/index.php?rest_route=\/wp\/v2\/pages"}],"about":[{"href":"http:\/\/www.bellumaquilarum.it\/deutsch\/index.php?rest_route=\/wp\/v2\/types\/page"}],"author":[{"embeddable":true,"href":"http:\/\/www.bellumaquilarum.it\/deutsch\/index.php?rest_route=\/wp\/v2\/users\/1"}],"replies":[{"embeddable":true,"href":"http:\/\/www.bellumaquilarum.it\/deutsch\/index.php?rest_route=%2Fwp%2Fv2%2Fcomments&post=12"}],"version-history":[{"count":6,"href":"http:\/\/www.bellumaquilarum.it\/deutsch\/index.php?rest_route=\/wp\/v2\/pages\/12\/revisions"}],"predecessor-version":[{"id":244,"href":"http:\/\/www.bellumaquilarum.it\/deutsch\/index.php?rest_route=\/wp\/v2\/pages\/12\/revisions\/244"}],"wp:attachment":[{"href":"http:\/\/www.bellumaquilarum.it\/deutsch\/index.php?rest_route=%2Fwp%2Fv2%2Fmedia&parent=12"}],"curies":[{"name":"wp","href":"https:\/\/api.w.org\/{rel}","templated":true}]}}