{"id":12,"date":"2009-11-11T14:44:07","date_gmt":"2009-11-11T12:44:07","guid":{"rendered":"\/italienisch\/?page_id=12"},"modified":"2017-05-05T16:27:58","modified_gmt":"2017-05-05T14:27:58","slug":"historischer-verein-bellum-aquilarum","status":"publish","type":"page","link":"http:\/\/www.bellumaquilarum.it\/italienisch\/","title":{"rendered":"Associazione storica Bellum Aquilarum ONLUS"},"content":{"rendered":"<p>Molte aree delle Dolomiti hanno in corso progetti di valorizzazione delle testimonianze storiche della Grande Guerra. Sesto di Pusteria \u00e8 stata vittima e protagonista di quella tragedia. Sesto di Pusteria \u00e8 l&#8217;unico paese di lingua e cultura tedesca appartenente all&#8217;Impero che si \u00e8 trovato sulla linea del fronte, che ha subito l&#8217;evacuazione forzata ed il profugato, e che poi, insieme agli altri paesi del Sud Tirolo \u00e8 stato annesso all&#8217;Italia. Questo casuale insieme di eventi rende Sesto un luogo emblematico per narrare quel periodo storico, non solo per i cittadini tirolesi di oggi, ma per tutti gli abitanti dell&#8217;Europa.<br \/>\nLe vicende della popolazione civile e dei soldati di quell&#8217;importantissimo momento storico sono state finora sorprendentemente ignorate, e la causa \u00e8 certamente legata agli sconvolgimenti successivi alla fine della guerra ed all&#8217;annessione all&#8217;Italia. Nel grande interesse per il primo conflitto mondiale che emerge oggi in Europa, Sesto pu\u00f2 offrire un contributo unico ed inestimabile.<br \/>\nL&#8217;associazione Bellum Aquilarum vuole salvare dell&#8217;oblio le testimonianze rimaste di quella tragedia per conservarle e trasmetterle alle generazioni future, ai giovani della Pusteria, ma anche ai giovani dei paesi dell&#8216; ex-impero austro-ungarico che qui combatterono.<br \/>\nLa tragedia vissuta cos\u00ec profondamente a Sesto ed in Pusteria, \u00e8 analoga a quella di molte altre zone d&#8217;Europa che si trovarono sulla linea del fronte o che , dopo il conflitto, vissero gli sconvolgimenti seguenti alle annessioni territoriali. Fu quella una frattura culturale, storica e politica immensa, quegli eventi cambiarono certamente la Pusteria ma cambiarono anche l&#8217;Europa ed oggi &#8211; in una prospettiva europea che permette di superare le antiche tensioni conseguenti al conflitto &#8211; la preservazione di quella memoria pu\u00f2 aiutare alla costruzione del nostro futuro comune.<br \/>\nL&#8217;associazione Bellum Aquilarum \u00e8 una ONLUS (Organizzazione non lucrativa di finalit\u00e0 sociale) riconosciuta dalla Provincia Autonoma di Bolzano, non ha scopo di lucro, \u00e8 aperta al contributo di tutti, privati, associazioni e istituzioni che ne condividano gli scopi. Si prefigge di stimolare il recupero e la valorizzazione delle testimonianze storiche rimaste con la creazione e gestione di musei all&#8217;aperto, archivi storici, centri di documentazione e quant&#8217;altro utile al perseguimento dello scopo statutario.<\/p>\n<div><script type=\"text\/javascript\" src=\"http:\/\/player.peer.tv\/\/js\/4e6a704830a3367af59fee7aa7258c8b\/\"><\/script><a href=\"http:\/\/www.peer.tv\/it\/273\" target=\"_blank\">Museo all&#8217;aperto della Grande Guerra<\/a> su <a href=\"http:\/\/www.peer.tv\/it\" target=\"_blank\">Peer.tv<\/a><\/p>\n<\/div>\n","protected":false},"excerpt":{"rendered":"<p>Molte aree delle Dolomiti hanno in corso progetti di valorizzazione delle testimonianze storiche della Grande Guerra. Sesto di Pusteria \u00e8 stata vittima e protagonista di quella tragedia. Sesto di Pusteria \u00e8 l&#8217;unico paese di lingua e cultura tedesca appartenente all&#8217;Impero che si \u00e8 trovato sulla linea del fronte, che ha subito l&#8217;evacuazione forzata ed il [&hellip;]<\/p>\n","protected":false},"author":1,"featured_media":0,"parent":0,"menu_order":0,"comment_status":"closed","ping_status":"closed","template":"","meta":[],"_links":{"self":[{"href":"http:\/\/www.bellumaquilarum.it\/italienisch\/index.php?rest_route=\/wp\/v2\/pages\/12"}],"collection":[{"href":"http:\/\/www.bellumaquilarum.it\/italienisch\/index.php?rest_route=\/wp\/v2\/pages"}],"about":[{"href":"http:\/\/www.bellumaquilarum.it\/italienisch\/index.php?rest_route=\/wp\/v2\/types\/page"}],"author":[{"embeddable":true,"href":"http:\/\/www.bellumaquilarum.it\/italienisch\/index.php?rest_route=\/wp\/v2\/users\/1"}],"replies":[{"embeddable":true,"href":"http:\/\/www.bellumaquilarum.it\/italienisch\/index.php?rest_route=%2Fwp%2Fv2%2Fcomments&post=12"}],"version-history":[{"count":7,"href":"http:\/\/www.bellumaquilarum.it\/italienisch\/index.php?rest_route=\/wp\/v2\/pages\/12\/revisions"}],"predecessor-version":[{"id":310,"href":"http:\/\/www.bellumaquilarum.it\/italienisch\/index.php?rest_route=\/wp\/v2\/pages\/12\/revisions\/310"}],"wp:attachment":[{"href":"http:\/\/www.bellumaquilarum.it\/italienisch\/index.php?rest_route=%2Fwp%2Fv2%2Fmedia&parent=12"}],"curies":[{"name":"wp","href":"https:\/\/api.w.org\/{rel}","templated":true}]}}